{"id":9,"date":"2023-04-24T08:57:45","date_gmt":"2023-04-24T08:57:45","guid":{"rendered":"https:\/\/acces-it.ro\/posts\/?page_id=9"},"modified":"2025-03-19T06:19:33","modified_gmt":"2025-03-19T06:19:33","slug":"anunturi","status":"publish","type":"page","link":"https:\/\/acces-it.ro\/posts\/anunturi\/","title":{"rendered":"Anun\u021buri"},"content":{"rendered":"\n<div class=\"wp-block-columns is-layout-flex wp-container-core-columns-is-layout-28f84493 wp-block-columns-is-layout-flex\">\n<div class=\"wp-block-column is-layout-flow wp-block-column-is-layout-flow\" style=\"flex-basis:100%\">\n<style>\n.column-descriere1{\ntext-align:center;\ncolor:white !important;\nfont-weight:bold !important;\nmargin-top:-340px !important;\nfont-size:40px !important;\nletter-spacing: 1px !important;\n}\n.column-descriere2{\ntext-align:center;\ncolor:white !important;\nfont-weight: normal;\nfont-size:21px !important;\nletter-spacing: 1px !important;\nmargin-bottom:210px !important;\n}\n.column-descriere3{\ntext-align:center;\ncolor:white !important;\nfont-weight:bold !important;\nfont-size:21px !important;\nletter-spacing: 1px !important;\ntext-decoration: none;\nfont-weight: normal;\n}\n@media (max-width:1000px){\n.column-descriere1{\nmargin-top:-300px !important;\n}\n@media (max-width:800px){\n.column-descriere1{\nmargin-top:-300px !important;\n}\n}\n@media (max-width:600px){\n.column-descriere1{\nmargin-top:-210px !important;\nfont-size:21px !important;\n}\n.column-descriere2{\nmargin-bottom:130px !important;\n}\n}\n}\n<\/style>\n<h1 class=\"column-descriere1\">Anun\u021buri<\/h1>\n<p class=\"column-descriere2\"><a class=\"column-descriere3\" href=\"https:\/\/acces-it.ro\/index.html\">Acas\u0103<\/a> \/<a  class=\"column-descriere3\" href=\"https:\/\/acces-it.ro\/posts\/anunturi\/\">Anun\u021buri<\/a><\/p>\n\n\n\n<!--\n<style>\n.two{\n   padding-top:80px;\n}\n.two .container-column {\n  max-width: 1300px;\n  border: 3px solid blue;\n  padding: 40px;\n}\n.two .container-column .logo {\n  display: flex;\n  justify-content: space-between;\n  align-items: center;\n}\n.two .container-column .logo img {\n  width: 100%;\n  max-width: 130px;\n  -o-object-fit: contain;\n     object-fit: contain;\n}\n.two .container-column .column-line {\n  width: 100%;\n  max-width: 1300px;\n  border: 3px solid blue;\n  margin-bottom: 8px;\n  margin-top: 8px;\n}\n.two .container-column .p1 {\n  font-size: 21px;\n  text-align: center;\n  margin-bottom: 0px;\n  line-height: 30px;\n  letter-spacing: 1px;\n}\n.two .container-column .column-two {\n  display: flex;\n  align-items: center;\n  justify-content: space-between;\n}\n.two .container-column .column-two .p3 {\n  font-size: 18px;\n  width: 100%;\n  max-width: 130px;\n}\n.two .container-column .column-two img {\n  width: 100%;\n  max-width: 300px;\n  -o-object-fit: contain;\n     object-fit: contain;\n}\n.two .container-column .p2 {\n  font-size: 21px;\n  line-height: 30px;\n  letter-spacing: 1px;\n  margin-top: 30px;\n}\n.two .container-column .descriere1 {\n  font-size: 21px;\n  line-height: 30px;\n}\n.two .container-column .descriere2 {\n  font-size: 21px;\n  line-height: 30px;\n  width: 100%;\n  max-width: 1200px;\n  margin-left: auto;\n}\n.two .container-column .descriere3 {\n  font-size: 21px;\n  line-height: 30px;\n}\n@media (max-width: 1600px) {\n  .two .container-column {\n    padding-left: 40px;\n    padding-right: 40px;\n  }\n.two .container-column .descriere2 {\n    font-size: 21px;\n    line-height: 30px;\n    width: 100%;\n    max-width: 800px;\n    margin-left: auto;\n  }\n}\n@media (max-width: 1300px) {\n  .two .container-column {\n    padding-left: 30px;\n    padding-right: 30px;\n  }\n}\n@media (max-width: 680px) {\n  .two .container-column {\n    padding-left: 18px;\n    padding-right: 18px;\n  }\n  .two .container-column .logo img {\n    width: 100%;\n    max-width: 80px;\n  }\n  .two .container-column .column-two img {\n    width: 100%;\n    max-width: 130px;\n  }\n}\n@media (max-width: 480px) {\n  .two .container-column {\n    padding: 30px;\n  }\n}\n<\/style>\n<section class=\"two\">\n        <div class=\"container container-column\">\n            <div class=\"logo\">\n                <img decoding=\"async\" class=\"imagine1\" src=\"https:\/\/acces-it.ro\/images\/ue.jpg\">\n                <img decoding=\"async\" class=\"imagine2\" src=\"https:\/\/acces-it.ro\/images\/guvernulromaniei.png\">\n                <img decoding=\"async\" class=\"imagine3\" src=\"https:\/\/acces-it.ro\/images\/siglapocu.jpg\">\n                <img decoding=\"async\" class=\"imagine4\" src=\"https:\/\/acces-it.ro\/images\/logo.png\">\n            <\/div>\n            <div class=\"column-line\"><\/div>\n            <p class=\"p1\">Proiect cofinan\u021bat din Fondul Social European prin Programul Opera\u021bional Capital Uman 2014 \u2013 2020<\/p>\n            <p class=\"p1\">Titlul proiectului: ACCES IT - Competente digitale pentru angaja\u021bi<\/p>\n            <p class=\"p1\">POCU\/860\/3\/12\/142895<\/p>\n            <div class=\"column-line\"><\/div>\n            <div class=\"column-two\">\n                <p class=\"p3\">NEWSLETTER NR. 1\/2023<\/p>\n                <img decoding=\"async\" src=\"https:\/\/acces-it.ro\/images\/Sigla_proiect_Acces_IT.png\">\n            <\/div>\n            <p class=\"p4\">Bun\u0103 ziua!<\/p>\n            <p class=\"descriere1\">Avem ve\u0219ti bune pentru cei interesa\u021bi de domeniul IT \u0219i de dezvoltarea competen\u021belor digitale. Proiectul ACCES IT \u2013 Competen\u021be digitale pentru angaja\u021bi, POCU\/860\/3\/12\/142895 a lansat recent o serie de cursuri de digitalizare, gratuite, care sunt disponibile pentru 310 angaja\u021bi cu contract individual de munc\u0103  ce provin din \u00eentreprinderi care \u00ee\u0219i desf\u0103\u0219oar\u0103 activitatea \u00een jude\u021bele Br\u0103ila, Buz\u0103u, Constan\u021ba, Gala\u021bi, Tulcea, Vrancea, Arge\u0219, Prahova, D\u00e2mbovi\u021ba, Teleorman, Giurgiu, Ialomi\u021ba sau C\u0103l\u0103ra\u0219i.<\/p>\n            <p class=\"descriere1\">Proiectul Acces IT \u00ee\u0219i propune s\u0103 \u00eembun\u0103t\u0103\u021beasc\u0103 competen\u021bele digitale ale angaja\u021bilor \u0219i s\u0103 le ofere oportunit\u0103\u021bi de dezvoltare \u00een domeniul IT. Cursurile sunt \u00eemp\u0103r\u021bite \u00een trei categorii: competen\u021be digitale de baz\u0103, competen\u021be digitale avansate \u0219i competen\u021be digitale pentru speciali\u0219tii \u00een domeniul IT.<\/p>\n            <p class=\"descriere2\">- Cursurile de formare \u00een competen\u021be digitale de baza sunt destinate celor care nu au o experien\u021b\u0103 prea mare \u00een utilizarea calculatorului \u0219i a internetului. Acestea acoper\u0103 aspecte precum navigarea pe internet, utilizarea email-ului, lucrul cu documente \u0219i fi\u0219iere \u0219i alte activit\u0103\u021bi de baza.<\/p>\n            <p class=\"descriere2\">- Cursurile de formare \u00een competen\u021be digitale avansate sunt pentru cei care deja au cuno\u0219tin\u021be solide \u00een domeniul IT \u0219i doresc s\u0103-\u0219i \u00eembun\u0103t\u0103\u021beasc\u0103 abilit\u0103\u021bile. Aceste cursuri includ subiecte precum programarea, dezvoltarea web, bazele de date \u0219i multe altele.<\/p>\n            <p class=\"descriere2\">- Cursurile de formare \u00een competen\u021be digitale dedicate speciali\u0219tilor \u00een domeniul IT sunt pentru cei care deja lucreaz\u0103 \u00een domeniu \u0219i doresc s\u0103-\u0219i \u00eembun\u0103t\u0103\u021beasc\u0103 cuno\u0219tin\u021bele \u0219i abilit\u0103\u021bile \u00een domeniul lor de specialitate. Aceste cursuri includ subiecte precum securitatea cibernetic\u0103, managementul proiectelor IT \u0219i multe altele.<\/p>\n            <p class=\"descriere3\">Dac\u0103 e\u0219\u021bi interesat s\u0103-\u021bi \u00eembun\u0103t\u0103\u021be\u0219ti abilit\u0103\u021bile \u0219i cuno\u0219tin\u021bele \u00een domeniul IT, nu ezit\u0103 s\u0103 te \u00eenscrii la aceste cursuri. Vei putea \u00eenva\u021b\u0103 lucruri noi \u0219i s\u0103-ti dezvol\u021bi abilit\u0103\u021bile, ceea ce poate fi util \u00een carier\u0103 ta sau \u00een alte aspecte ale vie\u021bii tale.<\/p>\n            <p class=\"descriere4\">Pentru mai multe informa\u021bii despre aceste cursuri \u0219i despre proiectul Acces IT, po\u021bi accesa site-ul nostru <a href=\"https:\/\/acces-it.ro\/images\/Sigla_proiect_Acces_IT.png\">www.acces-it.ro<\/a> sau po\u021bi completa formularul aici: <a href=\"https:\/\/l1nk.dev\/Chestionar\">https:\/\/l1nk.dev\/Chestionar<\/a> \u0219i vei fi contactat de echipa noastr\u0103.<\/p>\n            <p class=\"column-descriere\">Toate cele bune!<\/p>\n        <\/div>\n    <\/section>\n<section class=\"two\">\n        <div class=\"container container-column\">\n            <div class=\"logo\">\n                <img decoding=\"async\" class=\"imagine1\" src=\"https:\/\/acces-it.ro\/images\/ue.jpg\">\n                <img decoding=\"async\" class=\"imagine2\" src=\"https:\/\/acces-it.ro\/images\/guvernulromaniei.png\">\n                <img decoding=\"async\" class=\"imagine3\" src=\"https:\/\/acces-it.ro\/images\/siglapocu.jpg\">\n                <img decoding=\"async\" class=\"imagine4\" src=\"https:\/\/acces-it.ro\/images\/logo.png\">\n            <\/div>\n            <div class=\"column-line\"><\/div>\n            <p class=\"p1\">Proiect cofinan\u021bat din Fondul Social European prin Programul Opera\u021bional Capital Uman 2014 \u2013 2020<\/p>\n            <p class=\"p1\">Titlul proiectului: ACCES IT - Competente digitale pentru angaja\u021bi<\/p>\n            <p class=\"p1\">POCU\/860\/3\/12\/142895<\/p>\n            <div class=\"column-line\"><\/div>\n            <div class=\"column-two\">\n                <p class=\"p3\">NEWSLETTER NR. 1\/2023<\/p>\n                <img decoding=\"async\" src=\"https:\/\/acces-it.ro\/images\/Sigla_proiect_Acces_IT.png\">\n            <\/div>\n            <p class=\"p2\">Ve\u0219ti bune pentru persoanele care vor s\u0103-\u0219i dezvolte competen\u021bele digitale.<\/p>\n            <p class=\"descriere1\">\u00cen aceast\u0103 perioad\u0103 derul\u0103m proiectul Acces IT Competen\u021be digitale pentru angaja\u021bi, cofinan\u021bat din Fondul Social European prin Programul Opera\u021bional Capital Uman 2014-2020. Acest proiect are ca scop contribu\u021bia la digitalizarea Rom\u00e2niei prin derularea unui program de sus\u021binere a competen\u021belor digitale pentru angaja\u021bii din IMM-uri \u0219i se va implementa \u00een perioada 21.11.2022 \u2013 31.12.2023, \u00een jude\u021bele Br\u0103ila, Buz\u0103u, Constan\u021ba, Gala\u021bi, Tulcea, Vrancea, Arge\u0219, Prahova, D\u00e2mbovi\u021ba, Teleorman, Giurgiu, Ialomi\u021ba sau C\u0103l\u0103ra\u0219i.<\/p>\n            <p class=\"descriere1\">Proiectul ofer\u0103 cursuri de dezvoltare a competen\u021belor digitale \u00een mod gratuit angaja\u021bilor din IMM-uri, astfel \u00eenc\u00e2t ace\u0219tia s\u0103 poat\u0103 \u00eendeplini mai bine cerin\u021bele actuale ale pie\u021bei de munc\u0103 \u0219i s\u0103 contribuie la cre\u0219terea competitivit\u0103\u021bii firmelor. \u00centr-o lume tot mai digital\u0103, competen\u021bele digitale devin din ce \u00een ce mai importante, iar proiectul Acces IT Competente digitale pentru angaja\u021bi vine \u00een \u00eent\u00e2mpinarea nevoilor de formare ale angaja\u021bilor din IMM-uri.<\/p>\n            <p class=\"descriere1\">\u00cen cadrul programului de formare, participan\u021bii vor \u00eenv\u0103\u021ba cum s\u0103 utilizeze instrumente digitale precum utilizarea unui sistem de operare, prelucrarea \u0219i gestionarea de documente electronice, competen\u021be de pentru utilizarea Internetului, competen\u021be de baz\u0103 despre hardware, schimb de informa\u021bii electronice, utilizarea re\u021belelor sociale personale sau profesionale la nivel elementar, cum s\u0103 gestioneze informa\u021biile \u0219i s\u0103 lucreze eficient \u00een mediul online, dar \u0219i cum s\u0103 protejeze datele personale \u0219i s\u0103 utilizeze instrumente de securitate online, aplicatii de tip CRM (Customer Relationship Manager), ERP (Enterprise Resource Planning).<\/p>\n            <p class=\"descriere1\">Acest proiect este o oportunitate excelent\u0103 pentru companiile mici \u0219i mijlocii din regiunea men\u021bionat\u0103 s\u0103 investeasc\u0103 \u00een dezvoltarea angaja\u021bilor lor, contribuind astfel la cre\u0219terea calit\u0103\u021bii serviciilor \u0219i a produselor oferite, dar \u0219i la dezvoltarea economic\u0103 a \u00eentregii regiuni.<\/p>\n            <p class=\"descriere1\">Digitalizarea este viitorul, iar proiectul Acces IT Competente digitale pentru angaja\u021bi vine \u00een \u00eent\u00e2mpinarea acestei tendin\u021be, oferind un program de formare gratuit \u0219i adaptat nevoilor IMM-urilor. \u00cencurajez companiile din regiunea men\u021bionat\u0103 s\u0103 profite de aceast\u0103 oportunitate \u0219i s\u0103-\u0219i dezvolte angaja\u021bii pentru a fi preg\u0103ti\u021bi pentru provoc\u0103rile digitale ale viitorului.<\/p>\n            <p class=\"descriere3\">Cu stim\u0103, Echipa AccesIT<\/p>\n        <\/div>\n    <\/section>\n<section class=\"two\">\n        <div class=\"container container-column\">\n            <div class=\"logo\">\n                <img decoding=\"async\" class=\"imagine1\" src=\"https:\/\/acces-it.ro\/images\/ue.jpg\">\n                <img decoding=\"async\" class=\"imagine2\" src=\"https:\/\/acces-it.ro\/images\/guvernulromaniei.png\">\n                <img decoding=\"async\" class=\"imagine3\" src=\"https:\/\/acces-it.ro\/images\/siglapocu.jpg\">\n                <img decoding=\"async\" class=\"imagine4\" src=\"https:\/\/acces-it.ro\/images\/logo.png\">\n            <\/div>\n            <div class=\"column-line\"><\/div>\n            <p class=\"p1\">Proiect cofinan\u021bat din Fondul Social European prin Programul Opera\u021bional Capital Uman 2014 \u2013 2020<\/p>\n            <p class=\"p1\">Titlul proiectului: ACCES IT - Competente digitale pentru angaja\u021bi<\/p>\n            <p class=\"p1\">POCU\/860\/3\/12\/142895<\/p>\n            <div class=\"column-line\"><\/div>\n            <div class=\"column-two\">\n                <p class=\"p3\">NEWSLETTER NR. 1\/2023<\/p>\n                <img decoding=\"async\" src=\"https:\/\/acces-it.ro\/images\/Sigla_proiect_Acces_IT.png\">\n            <\/div>\n            <p class=\"descriere1\">Proiectul ACCES IT \u2013 Competen\u021be digitale pentru angaja\u021bi, ofer\u0103 oportunitatea unui program de formare gratuit \u00een vederea cre\u0219terii competen\u021belor digitale ale angaja\u021bilor, precum \u0219i sprijin \u00een vederea introducerii de programe de \u00eenv\u0103\u021bare \u00een cadrul entit\u0103\u021bii.<\/p>\n            <p class=\"descriere1\">\u00cen contextul locului de munc\u0103, angaja\u021bii cu competen\u021be digitale dezvoltate pot fi mai eficien\u021bi, mai inovatori \u0219i mai adapta\u021bi la schimb\u0103rile tehnologice. Iat\u0103 c\u00e2teva exemple de competen\u021be digitale relevante pentru angaja\u021bi:<\/p>\n            <p class=\"descriere2\">- Alfabetizare digital\u0103 de baz\u0103: Capacitatea de a utiliza echipamentele \u0219i instrumentele digitale de baz\u0103, cum ar fi calculatoarele, smartphone-urile \u0219i tabletele. Include abilit\u0103\u021bi precum navigarea pe internet, utilizarea e-mailului, gestionarea fi\u0219ierelor \u0219i cuno\u0219tin\u021be elementare de securitate online.<\/p>\n            <p class=\"descriere2\">- Utilizarea eficient\u0103 a software-ului de birou: Cuno\u0219tin\u021be solide despre programele software de birou, cum ar fi Microsoft Office sau Google Workspace. Acest lucru include abilit\u0103\u021bi \u00een utilizarea aplica\u021biilor de procesare a textelor, a foilor de calcul, a bazelor de date \u0219i a programelor de prezentare.<\/p>\n            <p class=\"descriere2\">- Gestionarea \u0219i organizarea informa\u021biilor: Abilitatea de a c\u0103uta, evalua, selecta \u0219i organiza informa\u021biile \u00een mediul digital. Acest lucru implic\u0103 abilit\u0103\u021bi de c\u0103utare eficient\u0103 pe internet, capacitatea de a identifica sursele credibile \u0219i de a gestiona informa\u021biile \u00eentr-un mod structurat.<\/p>\n            <p class=\"descriere2\">- Comunicare digital\u0103: Capacitatea de a comunica eficient prin intermediul instrumentelor digitale, cum ar fi e-mailul, mesageria instantanee, platformele de colaborare online sau re\u021belele sociale de afaceri. Acest lucru implic\u0103 competen\u021be de scriere, de gestionare a timpului \u0219i de adaptare la diferite stiluri de comunicare online.<\/p>\n            <p class=\"descriere2\">- Competen\u021be \u00een gestionarea proiectelor \u0219i a timpului: Abilitatea de a utiliza instrumente \u0219i tehnici digitale pentru a gestiona proiecte \u0219i timpul eficient. Acest lucru include utilizarea aplica\u021biilor de gestionare a proiectelor, a calendarului \u0219i a listelor de sarcini pentru a organiza, monitoriza \u0219i prioritiza activit\u0103\u021bile.<\/p>\n            <p class=\"descriere2\">- Rezolvarea de probleme \u0219i g\u00e2ndirea critic\u0103: Capacitatea de a utiliza tehnologia \u0219i resursele digitale pentru a rezolva probleme \u0219i a lua decizii informate. Acest lucru implic\u0103 abilit\u0103\u021bi de analiz\u0103, de evaluare a informa\u021biilor \u0219i de g\u00e2ndire creativ\u0103 pentru a identifica solu\u021bii eficiente.<\/p>\n            <p class=\"descriere2\">- Cuno\u0219tin\u021be de securitate cibernetic\u0103: \u00cen\u021belegerea principiilor de baz\u0103 ale securit\u0103\u021bii cibernetice \u0219i abilitatea de a utiliza tehnologia \u00eentr-un mod sigur \u0219i responsabil. Acest lucru include protejarea datelor personale \u0219i a informa\u021biilor sensibile, recunoa\u0219terea amenin\u021b\u0103rilor cibernetice \u0219i adoptarea m\u0103surilor adecvate de securitate.<\/p>\n            <p class=\"descriere1\">Este important s\u0103 men\u021bion\u0103m c\u0103 competen\u021bele digitale pot varia \u00een func\u021bie de industrie, rolul ocupat \u0219i nivelul de experien\u021b\u0103 al angaja\u021bilor. \u00cen plus, pe m\u0103sur\u0103 ce tehnologia evolueaz\u0103, este necesar\u0103 o abordare continu\u0103 de \u00eenv\u0103\u021bare \u0219i actualizare a competen\u021belor digitale pentru a r\u0103m\u00e2ne competitivi pe pia\u021b\u0103.<\/p>\n            <p class=\"descriere3\">Cu stim\u0103, Echipa AccesIT<\/p>\n        <\/div>\n    <\/section>\n<section class=\"two\">\n        <div class=\"container container-column\">\n            <div class=\"logo\">\n                <img decoding=\"async\" class=\"imagine1\" src=\"https:\/\/acces-it.ro\/images\/ue.jpg\">\n                <img decoding=\"async\" class=\"imagine2\" src=\"https:\/\/acces-it.ro\/images\/guvernulromaniei.png\">\n                <img decoding=\"async\" class=\"imagine3\" src=\"https:\/\/acces-it.ro\/images\/siglapocu.jpg\">\n                <img decoding=\"async\" class=\"imagine4\" src=\"https:\/\/acces-it.ro\/images\/logo.png\">\n            <\/div>\n            <div class=\"column-line\"><\/div>\n            <p class=\"p1\">Proiect cofinan\u021bat din Fondul Social European prin Programul Opera\u021bional Capital Uman 2014 \u2013 2020<\/p>\n            <p class=\"p1\">Titlul proiectului: ACCES IT - Competente digitale pentru angaja\u021bi<\/p>\n            <p class=\"p1\">POCU\/860\/3\/12\/142895<\/p>\n            <div class=\"column-line\"><\/div>\n            <div class=\"column-two\">\n                <p class=\"p3\">NEWSLETTER NR. 1\/2023<\/p>\n                <img decoding=\"async\" src=\"https:\/\/acces-it.ro\/images\/Sigla_proiect_Acces_IT.png\">\n            <\/div>\n            <p class=\"descriere1\">Digitalizarea \u00een r\u00e2ndul companiilor reprezint\u0103 o necesitate pentru Rom\u00e2nia, cu at\u00e2t mai mult \u00een cadrul IMM-urilor, \u00eentruc\u00e2t potrivit Indicelui Economiei \u0219i Societ\u0103\u021bii Digitale (DESI) instituit de Comisia European\u0103, ponderea IMM-urilor care au cel pu\u021bin un nivel de baz\u0103 de intensitate digital\u0103 este de doar 22%, iar procentajul \u00eentreprinderilor care fac schimb electronic de informa\u021bii de doar 17% \u2013 cele mai sc\u0103zute din Uniunea European\u0103. Astfel, Rom\u00e2nia se situeaz\u0103 pe locul 27 din cele 27 de state membre ale UE \u00een edi\u021bia din 2022 a Indicelui Economiei \u0219i Societ\u0103\u021bii Digitale.<\/p>\n            <p class=\"descriere1\">\u00cen prezent, potrivit aceluia\u0219i raport, 12% dintre IMM-urile din Rom\u00e2nia efectueaz\u0103 v\u00e2nz\u0103ri online \u0219i 4% efectueaz\u0103 v\u00e2nz\u0103ri online la nivel transfrontalier. Adoptarea tehnologiilor avansate, cum ar fi tehnologia de tip cloud, a atins doar 11%, \u00een compara\u021bie cu media UE de 34%. \u00cen ceea ce prive\u0219te inteligen\u021ba artificial\u0103, doar 1% dintre \u00eentreprinderi au adoptat astfel de tehnologii (media UE: 8%). Ponderea \u00een ceea ce prive\u0219te prelucrarea volumelor mari de date r\u0103m\u00e2ne, de asemenea, relativ sc\u0103zut\u0103, fiind de 5%.<\/p>\n            <p class=\"descriere1\">Digitalizarea joac\u0103 un rol din ce \u00een ce mai important \u00een cadrul companiilor din diverse industrii. Aceasta se refer\u0103 la utilizarea tehnologiei digitale pentru a \u00eembun\u0103t\u0103\u021bi procesele de afaceri, a optimiza opera\u021biunile \u0219i a crea o experien\u021b\u0103 mai bun\u0103 pentru clien\u021bi \u0219i angaja\u021bi. Iat\u0103 c\u00e2teva dintre importan\u021bele digitaliz\u0103rii \u00een r\u00e2ndul companiilor:<\/p>\n            <p class=\"descriere2\">- Eficien\u021b\u0103 opera\u021bional\u0103: Digitalizarea permite automatizarea \u0219i optimizarea proceselor de afaceri, ceea ce duce la o cre\u0219tere a eficien\u021bei opera\u021bionale. Prin utilizarea tehnologiilor precum robotic process automation (RPA), inteligenta artificiala \u0219i analiza datelor, companiile pot elimina activit\u0103\u021bile manuale repetitive, pot accelera fluxurile de lucru \u0219i pot reduce erorile umane.<\/p>\n            <p class=\"descriere2\">- Experien\u021ba clien\u021bilor: Digitalizarea permite companiilor s\u0103 ofere clien\u021bilor o experien\u021b\u0103 mai bun\u0103 \u0219i personalizat\u0103. Prin intermediul canalelor digitale, cum ar fi site-uri web, aplica\u021bii mobile \u0219i re\u021bele sociale, companiile pot comunica mai eficient cu clien\u021bii, pot oferi servicii \u0219i produse personalizate \u0219i pot r\u0103spunde rapid la feedback-ul \u0219i nevoile acestora.<\/p>\n            <p class=\"descriere2\">- Acces la noi pie\u021be \u0219i clien\u021bi: Digitalizarea ofer\u0103 companiilor posibilitatea de a-\u0219i extinde prezen\u021ba pe noi pie\u021be \u0219i de a atrage clien\u021bi din diferite regiuni geografice. Prin intermediul comer\u021bului electronic \u0219i a canalelor de v\u00e2nzare online, companiile pot ajunge la un num\u0103r mai mare de clien\u021bi \u0219i pot cre\u0219te v\u00e2nz\u0103rile.<\/p>\n            <p class=\"descriere2\">- Luarea deciziilor bazate pe date: Digitalizarea permite colectarea, stocarea \u0219i analiza datelor \u00eentr-un mod mai eficient. Companiile pot folosi aceste date pentru a lua decizii mai bine fundamentate, pentru a identifica tendin\u021be \u0219i modele \u0219i pentru a optimiza strategiile de afaceri.<\/p>\n            <p class=\"descriere2\">- Colaborare \u0219i comunicare \u00eembun\u0103t\u0103\u021bite: Digitalizarea faciliteaz\u0103 colaborarea \u0219i comunicarea \u00eentre angaja\u021bi \u0219i departamente. Platformele de colaborare online, instrumentele de mesagerie instantanee \u0219i sistemele de gestionare a documentelor permit angaja\u021bilor s\u0103 lucreze \u00eempreun\u0103 \u00een mod eficient, indiferent de loca\u021bie geografic\u0103.<\/p>\n            <p class=\"descriere1\">Acestea sunt doar c\u00e2teva dintre importan\u021bele digitaliz\u0103rii \u00een randul companiilor. Este important ca companiile s\u0103 adopte \u0219i s\u0103 integreze tehnologiile digitale \u00een strategiile lor pentru a r\u0103m\u00e2ne competitive \u0219i a-\u0219i spori eficien\u021ba \u0219i inova\u021bia.<\/p>\n            <p class=\"descriere1\">Pentru mai multe informa\u021bii despre aceste cursuri \u0219i despre proiectul Acces IT, po\u021bi accesa site-ul nostru <a href=\"https:\/\/acces-it.ro\/images\/Sigla_proiect_Acces_IT.png\">www.acces-it.ro<\/a> sau po\u021bi completa formularul aici: <a href=\"https:\/\/l1nk.dev\/Chestionar\">https:\/\/l1nk.dev\/Chestionar<\/a> \u0219i vei fi contactat de echipa noastr\u0103.<\/p>\n        <\/div>\n    <\/section>\n\n-->\n\n<style>\n.img-news, iframe{\nmargin-top: 30px;\n}\n\n<\/style>\n\n<div class=\"newsletter\">\n\n<img decoding=\"async\" class=\"img-news\" src=\"https:\/\/acces-it.ro\/Comunicat_POCU-1.png\" alt=\"Eroare incarcare\">\n<img decoding=\"async\" class=\"img-news\" src=\"https:\/\/acces-it.ro\/newsletter_1.png\">\n<img decoding=\"async\" class=\"img-news\" src=\"https:\/\/acces-it.ro\/newsletter_2.png\">\n<img decoding=\"async\" class=\"img-news\" src=\"https:\/\/acces-it.ro\/newsletter_3.png\">\n<img decoding=\"async\" class=\"img-news\" src=\"https:\/\/acces-it.ro\/newsletter_4.png\">\n<iframe loading=\"lazy\" src=\"https:\/\/acces-it.ro\/Raport_informare_la_final_de_proiect_rotated.pdf\" width=\"100%\" height=\"800px\"><\/iframe>\n\n\n<\/div>\n\n\n<ul class=\"wp-block-latest-posts__list has-dates alignfull wp-block-latest-posts\"><\/ul><\/div>\n<\/div>\n","protected":false},"excerpt":{"rendered":"<p>Anun\u021buri Acas\u0103 \/Anun\u021buri<\/p>\n","protected":false},"author":1,"featured_media":0,"parent":0,"menu_order":0,"comment_status":"closed","ping_status":"closed","template":"","meta":{"site-sidebar-layout":"no-sidebar","site-content-layout":"page-builder","ast-global-header-display":"","ast-main-header-display":"","ast-hfb-above-header-display":"","ast-hfb-below-header-display":"","ast-hfb-mobile-header-display":"","site-post-title":"disabled","ast-breadcrumbs-content":"","ast-featured-img":"disabled","footer-sml-layout":"","theme-transparent-header-meta":"","adv-header-id-meta":"","stick-header-meta":"","header-above-stick-meta":"","header-main-stick-meta":"","header-below-stick-meta":"","footnotes":""},"class_list":["post-9","page","type-page","status-publish","hentry"],"_links":{"self":[{"href":"https:\/\/acces-it.ro\/posts\/wp-json\/wp\/v2\/pages\/9","targetHints":{"allow":["GET"]}}],"collection":[{"href":"https:\/\/acces-it.ro\/posts\/wp-json\/wp\/v2\/pages"}],"about":[{"href":"https:\/\/acces-it.ro\/posts\/wp-json\/wp\/v2\/types\/page"}],"author":[{"embeddable":true,"href":"https:\/\/acces-it.ro\/posts\/wp-json\/wp\/v2\/users\/1"}],"replies":[{"embeddable":true,"href":"https:\/\/acces-it.ro\/posts\/wp-json\/wp\/v2\/comments?post=9"}],"version-history":[{"count":68,"href":"https:\/\/acces-it.ro\/posts\/wp-json\/wp\/v2\/pages\/9\/revisions"}],"predecessor-version":[{"id":1616,"href":"https:\/\/acces-it.ro\/posts\/wp-json\/wp\/v2\/pages\/9\/revisions\/1616"}],"wp:attachment":[{"href":"https:\/\/acces-it.ro\/posts\/wp-json\/wp\/v2\/media?parent=9"}],"curies":[{"name":"wp","href":"https:\/\/api.w.org\/{rel}","templated":true}]}}